{"id":63,"date":"2020-01-15T17:56:44","date_gmt":"2020-01-15T17:56:44","guid":{"rendered":"https:\/\/miage.parisnanterre.fr\/?page_id=63"},"modified":"2023-02-16T10:41:04","modified_gmt":"2023-02-16T10:41:04","slug":"filiere-miage","status":"publish","type":"page","link":"https:\/\/miage.parisnanterre.fr\/index.php\/filiere-miage\/","title":{"rendered":"La  MIAGE de Nanterre"},"content":{"rendered":"\n<h2>Pr\u00e9sentation de la fili\u00e8re MIAGE<\/h2>\n\n\n\n<blockquote class=\"wp-block-quote\">\n<p>    <\/p>\n<\/blockquote>\n\n\n\n<p style=\"font-size:17px\">La fili\u00e8re MIAGE (<strong>M\u00e9thodes Informatiques Appliqu\u00e9es \u00e0 la Gestion des Entreprises<\/strong>) est une formation dipl\u00f4mante en Licence et en Master. Elle rentre dans le cadre LMD et permet d&rsquo;acqu\u00e9rir une double comp\u00e9tence en informatique et en gestion.  Son but est de former des cadres d&rsquo;entreprise sp\u00e9cialiste de l&rsquo;ing\u00e9ni\u00e9rie et du management des syst\u00e8mes d&rsquo;information en entreprise. Ce dipl\u00f4me est d\u00e9livr\u00e9 dans plus d&rsquo;une vingtaine d&rsquo;universit\u00e9s en France, ce qui rend le label MIAGE reconnu tant d&rsquo;un point de vue acad\u00e9mique que dans le monde de l&rsquo;entreprise.<\/p>\n\n\n\n<p style=\"font-size:17px\">Le label MIAGE assure que le dipl\u00f4me comporte des cours d&rsquo;informatique ainsi que de gestion. Ce label est d\u00e9livr\u00e9 par de nombreuses universit\u00e9s en France ce qui assure sa reconnaissance aupr\u00e8s des professionnels. Il existe une entr\u00e9e <a href=\"https:\/\/fr.wikipedia.org\/wiki\/Master_de_m%C3%A9thodes_informatiques_appliqu%C3%A9es_%C3%A0_la_gestion_des_entreprises\">wikipedia<\/a> sur le label MIAGE.<br><br> <\/p>\n\n\n\nLa pr\u00e9sentation de la MIAGE en vid\u00e9o. <br> \n<figure><center><iframe loading=\"lazy\" src=\"https:\/\/www.youtube.com\/embed\/elaNL4XWDCI\" allowfullscreen=\"\" width=\"560\" height=\"315\"><\/iframe><\/center><\/figure>\n<br>\n\n\n\n<blockquote class=\"wp-block-quote\">\n<p>      <\/p>\n<\/blockquote>\n\n\n\n<h2>La MIAGE de Nanterre<\/h2>\n\n\n\n<p style=\"font-size:1px\"> &nbsp;  <\/p>\n\n\n\n<p>Le cursus MIAGE \u00e0 Nanterre se d\u00e9cline en 3 dipl\u00f4mes : <\/p>\n\n\n\n<ul>\n<li> Un dipl\u00f4me de Licence MIASHS parcours MIAGE.<\/li>\n\n\n\n<li> Une double Licence Informatique Gestion au sein des Licence MIASHS et Licence Economie Gestion.<\/li>\n\n\n\n<li> Un master MIAGE \u00ab\u00a0<b>Syst\u00e8mes d\u2019information fiables et intelligence des donn\u00e9es<\/b>\u00ab\u00a0. <\/li>\n<\/ul>\n\n\n\n<p> &nbsp; <\/p>\n\n\n\n<h2>L&rsquo; apprentissage<\/h2>\n\n\n\n<p style=\"font-size:1px\"> &nbsp;  <\/p>\n\n\n\n<p>Il est tout \u00e0 fait possible de suivre le cursus MIAGE \u00e0 Nanterre dans le cadre d&rsquo;une formation \u00e0 l&rsquo;apprentissage.<br>C&rsquo;est le <a href=\"https:\/\/www.cfa-afia.com\/\">CFA AFIA<\/a> qui s&rsquo;occupe de l&rsquo;apprentissage pour la MIAGE de Nanterre.  Vous trouverez un certain nombre d&rsquo;informations sur l&rsquo;apprentissage et l&rsquo;apprentissage en MIAGE sur leur site.<br>L&rsquo;apprentissage n&rsquo;est possible qu&rsquo;\u00e0 partir du L3. <\/p>\n\n\n\n<p>Une vid\u00e9o sur la MIAGE en apprentissage \u00e0 Nanterre\n<\/p>\n<figure>\n<center>\n<iframe loading=\"lazy\" src=\"https:\/\/www.youtube.com\/embed\/UutIehvebsg?controls=0\" title=\"YouTube video player\" allow=\"accelerometer; autoplay; clipboard-write; encrypted-media; gyroscope; picture-in-picture; web-share\" allowfullscreen=\"\" width=\"560\" height=\"315\" frameborder=\"0\"><\/iframe>\n<\/center>\n<\/figure>\n<p><\/p>\n\n\n\n<p><\/p>\n\n\n\n<p style=\"font-size:5px\"> &nbsp; <\/p>\n\n\n\n<h2>Les Dipl\u00f4mes <\/h2>\n\n\n\n<p style=\"font-size:3px\"> &nbsp;  <\/p>\n\n\n\n<h3 class=\"has-text-align-left\">Le Master MIAGE<\/h3>\n\n\n\n<p style=\"font-size:1px\"> &nbsp;  <\/p>\n\n\n\n<h4>Pr\u00e9sentation du Master<\/h4>\n\n\n\n<p>Le Master MIAGE se sp\u00e9cialise sur les \u00ab <strong>Syst\u00e8mes d\u2019information fiables et intelligence des donn\u00e9es <\/strong>\u00bb. Il offre les moyens n\u00e9cessaires (techniques, d\u2019analyse et m\u00e9thodologiques) pour la mise oeuvre de ces concepts dans les Syst\u00e8mes d\u2019Information (SI) . <\/p>\n\n\n\n<p style=\"font-size:1px\"> &nbsp;  <\/p>\n\n\n\n<h4>Insertion professionnelle<\/h4>\n\n\n\n<p>Le Master Miage pr\u00e9pare des cadres pr\u00eats \u00e0 int\u00e9grer la vie active en tant que :<\/p>\n\n\n\n<ul>\n<li> Experts en m\u00e9thodes et outils d\u2019urbanisation des SI et des technologies Internet,<\/li>\n\n\n\n<li> Architectes techniques, architectes de SI, consultants en SI, urbanistes des SI, responsables au sein des directions des services informatiques et des services de SI,<\/li>\n\n\n\n<li> Data scientist,<\/li>\n\n\n\n<li> Ing\u00e9nieurs d\u2019\u00e9tudes et d\u00e9veloppement dans les PME, les grands groupes et les administrations,<\/li>\n\n\n\n<li> Int\u00e9grateurs d\u2019applications,<\/li>\n\n\n\n<li> Administrateurs de donn\u00e9es,<\/li>\n\n\n\n<li> Administrateurs de syst\u00e8mes d\u2019information.<\/li>\n<\/ul>\n\n\n\n<h4>Descriptif du cursus <\/h4>\n\n\n\n<p><em>Pour la voie en apprentissage<\/em> <br><a href=\"https:\/\/formations.parisnanterre.fr\/fr\/rechercher-des-formations\/master-lmd-05\/methodes-informatiques-appliquees-a-la-gestion-des-entreprises-miage-master-JWQG2CKZ\/\/systemes-d-information-fiables-et-intelligence-des-donnees-apprentissage-K1Q74CK8.html\">Page web<\/a> <br>La fiche <a href=\"https:\/\/formations.parisnanterre.fr\/plugins\/odf-web\/odf\/_content\/subprogram-systemes-d-information-fiables-et-intelligence-des-donnees-apprentissage-fr-fr\/%20Syst%C3%A8mes%20d'Information%20fiables%20et%20intelligence%20des%20donn%C3%A9es%20Apprentissage.pdf\">de pr\u00e9sentation<\/a> (en pdf).  <\/p>\n\n\n\n<p><em>Pour la voie classique<\/em> <br><a href=\"https:\/\/formations.parisnanterre.fr\/fr\/rechercher-des-formations\/master-lmd-05\/methodes-informatiques-appliquees-a-la-gestion-des-entreprises-miage-master-JWQG2CKZ\/systemes-d-information-fiables-et-intelligence-des-donnees-classique-JX3B7GZP.html\">Page web<\/a>  <br>La fiche  <a href=\"https:\/\/formations.parisnanterre.fr\/plugins\/odf-web\/odf\/_content\/subprogram-miage-methodes-informatiques-appliquees-a-la-gestion-des-entreprises-fr-fr\/Syst%C3%A8mes%20d'Information%20fiables%20et%20intelligence%20des%20donn%C3%A9es%20Classique.pdf\">de pr\u00e9sentation<\/a> (en pdf).  <br>  <\/p>\n\n\n\n<p style=\"font-size:3px\"> &nbsp;  <\/p>\n\n\n\n<h3>La licence MIASHS (parcours MIAGE)<\/h3>\n\n\n\n<p style=\"font-size:1px\"> &nbsp;  <\/p>\n\n\n\n<h4>Pr\u00e9sentation<\/h4>\n\n\n\n<p class=\"has-normal-font-size\">La Licence MIASHS est une licence  qui associe un tronc commun compos\u00e9 de math\u00e9matiques appliqu\u00e9es et d\u2019informatique \u00e0 une formation compl\u00e9mentaire en \u00e9conomie et en gestion. Au sein de celles-ci cohabitent plusieurs parcours dont le parcours en Informatique de Gestion le <em>parcours MIAGE<\/em>.<\/p>\n\n\n\n<p style=\"font-size:1px\"> &nbsp;  <\/p>\n\n\n\n<h4>Descriptif du cursus<\/h4>\n\n\n\n<p> Pour la licence MIASHS<br> <a href=\"https:\/\/formations.parisnanterre.fr\/fr\/rechercher-des-formations\/licence-lmd-03\/mathematiques-et-informatique-appliquees-aux-sciences-humaines-et-sociales-miashs-licence-JWQCK5R4\/\/miashs-parcours-miage-JX3AJTPZ.html\">Page Web<\/a>.<br> <a href=\"https:\/\/formations.parisnanterre.fr\/plugins\/odf-web\/odf\/_content\/subprogram-mathematiques-fr-fr\/MIASHS%20parcours%20MIAGE.pdf\">Fiche de pr\u00e9sentation<\/a> (en pdf). <\/p>\n\n\n\n<p style=\"font-size:5px\"> &nbsp;  <\/p>\n\n\n\n<h3>Double Licence Economie et Gestion \/ MIASHS voie Gestion &#8211; Informatique<\/h3>\n\n\n\n<p style=\"font-size:1px\"> &nbsp;  <\/p>\n\n\n\n<p>Cette double licence s\u00e9lective, permet aux \u00e9tudiants d\u2019\u00eatre inscrits d\u00e8s le d\u00e9but du cursus dans deux Licences, afin d\u2019obtenir deux dipl\u00f4mes:<\/p>\n\n\n\n<ul>\n<li> la Licence \u00c9conomie Gestion parcours Gestion <\/li>\n\n\n\n<li> la Licence MIASHS parcours MIAGE.<\/li>\n<\/ul>\n\n\n\n<h4>Descriptif du cursus :<\/h4>\n\n\n\n<p><a href=\"https:\/\/formations.parisnanterre.fr\/fr\/rechercher-des-formations\/licence-lmd-03\/mathematiques-et-informatique-appliquees-aux-sciences-humaines-et-sociales-miashs-licence-JWQCK5R4\/double-licence-miashs-economie-et-gestion-voie-gestion-informatique-K1RU76IH.html\">Page Web<\/a>.<br><a href=\"https:\/\/formations.parisnanterre.fr\/plugins\/odf-web\/odf\/_content\/subprogram-informatique-gestion-fr-fr\/Double%20Licence%20MIASHS%20_%20%20Economie%20et%20Gestion%20voie%20Gestion%20-%20Informatique.pdf\">Fiche de pr\u00e9sentation<\/a> (en pdf).<\/p>\n\n\n\n<blockquote class=\"wp-block-quote\">\n<p>  <\/p>\n<\/blockquote>\n\n\n\n<h3>Master Innovation, Entreprise et Soci\u00e9t\u00e9 (parcours data-science-for-social-sciences)<\/h3>\n\n\n\n<p style=\"font-size:1px\"> &nbsp;  <\/p>\n\n\n\n<p class=\"has-normal-font-size\">Ce master de l&rsquo;Universit\u00e9 Paris Nanterre ne fait pas \u00e0 proprement parler du cursus MIAGE mais fait partie des cursus propos\u00e9s par le d\u00e9partement d&rsquo;informatique. Il est accessible avec la licence MIASHS Parcours MIAGE.<\/p>\n\n\n\n<p style=\"font-size:1px\"> &nbsp;  <\/p>\n\n\n\n<h4>Descriptif du cursus<\/h4>\n\n\n\n<p><a href=\"https:\/\/formations.parisnanterre.fr\/fr\/catalogue-des-formations\/master-lmd-05\/innovation-entreprise-et-societe-master-JWQG44BF.html\">Page Web<\/a>.<\/p>\n\n\n\n<p><a href=\"https:\/\/formations.parisnanterre.fr\/plugins\/odf-web\/odf\/_content\/subprogram-cmi-data-science-for-social-sciences-2-fr-fr\/Data%20Science%20for%20Social%20Sciences.pdf\">Fiche de pr\u00e9sentation<\/a> (en pdf).<br><\/p>\n","protected":false},"excerpt":{"rendered":"<p>Pr\u00e9sentation de la fili\u00e8re MIAGE La fili\u00e8re MIAGE (M\u00e9thodes Informatiques Appliqu\u00e9es \u00e0 la Gestion des Entreprises) est une formation dipl\u00f4mante en Licence et en Master. Elle rentre dans le cadre LMD et permet d&rsquo;acqu\u00e9rir une double comp\u00e9tence en informatique et en gestion. Son but est de former des cadres d&rsquo;entreprise sp\u00e9cialiste de l&rsquo;ing\u00e9ni\u00e9rie et du&nbsp;&hellip;<\/p>\n","protected":false},"author":2,"featured_media":118,"parent":0,"menu_order":1,"comment_status":"closed","ping_status":"closed","template":"","meta":[],"_links":{"self":[{"href":"https:\/\/miage.parisnanterre.fr\/index.php\/wp-json\/wp\/v2\/pages\/63"}],"collection":[{"href":"https:\/\/miage.parisnanterre.fr\/index.php\/wp-json\/wp\/v2\/pages"}],"about":[{"href":"https:\/\/miage.parisnanterre.fr\/index.php\/wp-json\/wp\/v2\/types\/page"}],"author":[{"embeddable":true,"href":"https:\/\/miage.parisnanterre.fr\/index.php\/wp-json\/wp\/v2\/users\/2"}],"replies":[{"embeddable":true,"href":"https:\/\/miage.parisnanterre.fr\/index.php\/wp-json\/wp\/v2\/comments?post=63"}],"version-history":[{"count":64,"href":"https:\/\/miage.parisnanterre.fr\/index.php\/wp-json\/wp\/v2\/pages\/63\/revisions"}],"predecessor-version":[{"id":437,"href":"https:\/\/miage.parisnanterre.fr\/index.php\/wp-json\/wp\/v2\/pages\/63\/revisions\/437"}],"wp:featuredmedia":[{"embeddable":true,"href":"https:\/\/miage.parisnanterre.fr\/index.php\/wp-json\/wp\/v2\/media\/118"}],"wp:attachment":[{"href":"https:\/\/miage.parisnanterre.fr\/index.php\/wp-json\/wp\/v2\/media?parent=63"}],"curies":[{"name":"wp","href":"https:\/\/api.w.org\/{rel}","templated":true}]}}