{"id":2,"date":"2019-09-27T09:03:33","date_gmt":"2019-09-27T09:03:33","guid":{"rendered":"https:\/\/miage.parisnanterre.fr\/?page_id=2"},"modified":"2024-02-12T15:04:52","modified_gmt":"2024-02-12T15:04:52","slug":"accueil","status":"publish","type":"page","link":"https:\/\/miage.parisnanterre.fr\/","title":{"rendered":"Accueil"},"content":{"rendered":"\n<h2>Bienvenue sur le site de la MIAGE de l&rsquo;Universit\u00e9 Paris Nanterre<\/h2>\n\n\n\n<p class=\"has-small-font-size\">  <br> <\/p>\n\n\n\n<p class=\"has-medium-font-size\">Bonjour vous trouverez ici <strong>toutes les informations relatives au cursus MIAGE<\/strong> d\u00e9livr\u00e9 \u00e0 l&rsquo;Universit\u00e9 <em>Paris Nanterre<\/em>. Vous pouvez aussi <strong>consulter<\/strong> nos <a href=\"https:\/\/miage.parisnanterre.fr\/index.php\/blog\/\">actualit\u00e9s<\/a> pour \u00eatre au courant des \u00e9v\u00e9nements (recrutement, dates de rentr\u00e9e&#8230;) de notre fili\u00e8re.<\/p>\n\n\n\n<p><br><\/p>\n\n\n\n<p style=\"font-size:18px\">Ce cursus se d\u00e9roule sur le campus de l&rsquo;universit\u00e9 de Paris Nanterre dans le d\u00e9partement des Hauts de Seine \u00e0 proximit\u00e9 de la d\u00e9fense. Ce site est desservi par le train ou le RER A.<\/p>\n\n\n\n<p><br><\/p>\n\n\n\n<p style=\"font-size:18px\">Vous trouverez sur ces pages :<\/p>\n\n\n\n<ul>\n<li>des informations sur les enseignements d\u00e9livr\u00e9s, le contenu p\u00e9dagogique des dipl\u00f4mes<\/li>\n\n\n\n<li>des informations pratiques au sujet de ce dipl\u00f4me MIAGE<\/li>\n\n\n\n<li>en particulier les dates et les modalit\u00e9s de candidatures en L3, M1 ou M2.<\/li>\n<\/ul>\n\n\n\n<p>Pour avoir une vision compl\u00e8te du cursus \u00e0 Nanterre le mieux est de parcourir ce site. <\/p>\n\n\n\n<p> <br> <\/p>\n\n\n\n<p><strong>D\u00e9couvrez l&rsquo;Universit\u00e9 de Nanterre<\/strong> en vid\u00e9o<\/p>\n\n\n\n<p>\n<br>\n<\/p>\n\n\n\n<figure>\n<center>\n<iframe loading=\"lazy\" src=\"https:\/\/www.youtube.com\/embed\/Pe-EhaCXYvU\" allowfullscreen=\"\" width=\"560\" height=\"315\">\n<\/iframe>\n<\/center>\n<\/figure>\n\n\n\n<p><\/p>\n\n\n\n<p><strong>Le cursus MIAGE Nanterre<\/strong><\/p>\n\n\n\n<p>Courte pr\u00e9sentation du cursus MIAGE Nanterre disponible en suivant <a href=\"https:\/\/miage.parisnanterre.fr\/wp-content\/uploads\/2022\/01\/FicheMIAGE2021.pdf\">ce lien (pdf)<\/a>. <\/p>\n\n\n\n<p>   <\/p>\n\n\n\n<p><strong>Les formations \u00e0 Nanterre<\/strong><\/p>\n\n\n\n<p>Des transparents de pr\u00e9sentation de la <em>licence MIAGE<\/em> Nanterre disponibles en suivant <a href=\"https:\/\/miage.parisnanterre.fr\/wp-content\/uploads\/2024\/02\/presentationJPO2024_licence.pdf\">ce lien (pdf)<\/a><a href=\"https:\/\/miage.parisnanterre.fr\/wp-content\/uploads\/2024\/02\/presentationJPO2024_licence.pdf\" data-type=\"URL\" data-id=\"https:\/\/miage.parisnanterre.fr\/wp-content\/uploads\/2024\/02\/presentationJPO2024_licence.pdf\">.<\/a> <\/p>\n\n\n\n<p>Des transparents de pr\u00e9sentation du <em>Master MIAGE<\/em> Nanterre est disponible en suivant <a href=\"https:\/\/miage.parisnanterre.fr\/wp-content\/uploads\/2024\/02\/presentationJPO2024_master.pdf\">ce lien (pdf)<\/a>.<\/p>\n","protected":false},"excerpt":{"rendered":"<p>Bienvenue sur le site de la MIAGE de l&rsquo;Universit\u00e9 Paris Nanterre Bonjour vous trouverez ici toutes les informations relatives au cursus MIAGE d\u00e9livr\u00e9 \u00e0 l&rsquo;Universit\u00e9 Paris Nanterre. Vous pouvez aussi consulter nos actualit\u00e9s pour \u00eatre au courant des \u00e9v\u00e9nements (recrutement, dates de rentr\u00e9e&#8230;) de notre fili\u00e8re. Ce cursus se d\u00e9roule sur le campus de l&rsquo;universit\u00e9&nbsp;&hellip;<\/p>\n","protected":false},"author":2,"featured_media":24,"parent":0,"menu_order":0,"comment_status":"closed","ping_status":"closed","template":"page-templates\/homepage.php","meta":[],"_links":{"self":[{"href":"https:\/\/miage.parisnanterre.fr\/index.php\/wp-json\/wp\/v2\/pages\/2"}],"collection":[{"href":"https:\/\/miage.parisnanterre.fr\/index.php\/wp-json\/wp\/v2\/pages"}],"about":[{"href":"https:\/\/miage.parisnanterre.fr\/index.php\/wp-json\/wp\/v2\/types\/page"}],"author":[{"embeddable":true,"href":"https:\/\/miage.parisnanterre.fr\/index.php\/wp-json\/wp\/v2\/users\/2"}],"replies":[{"embeddable":true,"href":"https:\/\/miage.parisnanterre.fr\/index.php\/wp-json\/wp\/v2\/comments?post=2"}],"version-history":[{"count":44,"href":"https:\/\/miage.parisnanterre.fr\/index.php\/wp-json\/wp\/v2\/pages\/2\/revisions"}],"predecessor-version":[{"id":508,"href":"https:\/\/miage.parisnanterre.fr\/index.php\/wp-json\/wp\/v2\/pages\/2\/revisions\/508"}],"wp:featuredmedia":[{"embeddable":true,"href":"https:\/\/miage.parisnanterre.fr\/index.php\/wp-json\/wp\/v2\/media\/24"}],"wp:attachment":[{"href":"https:\/\/miage.parisnanterre.fr\/index.php\/wp-json\/wp\/v2\/media?parent=2"}],"curies":[{"name":"wp","href":"https:\/\/api.w.org\/{rel}","templated":true}]}}